{"id":26,"date":"2015-10-18T21:04:02","date_gmt":"2015-10-18T19:04:02","guid":{"rendered":"http:\/\/indien.mayser-dr.de\/?page_id=26"},"modified":"2019-04-21T13:46:59","modified_gmt":"2019-04-21T11:46:59","slug":"howrath-projekt","status":"publish","type":"page","link":"http:\/\/indien.mayser-dr.de\/?page_id=26","title":{"rendered":"Das Howrath-Projekt"},"content":{"rendered":"<h4>Wie ist es zu diesem Unternehmen gekommen?<\/h4>\n<p style=\"text-align: justify;\">2008 haben wir in Kalkutta, dem faszinierenden Moloch von Stadt, unsere dritte Indienreise begonnen, die uns dann weiter nach Darjeeling, Sikkim und Varanasi (Benares) f\u00fchrte.<\/p>\n<p style=\"text-align: justify;\"><a href=\"http:\/\/indien.mayser-dr.de\/wp-content\/uploads\/2015\/11\/IMG_1325.jpg\"><img loading=\"lazy\" decoding=\"async\" class=\"alignleft\" src=\"http:\/\/indien.mayser-dr.de\/wp-content\/uploads\/2015\/11\/IMG_1325.jpg\" alt=\"\" width=\"400\" height=\"300\" \/><\/a>Durch Vermittlung der Kollegen Buldmann besuchten wir in Howrah, dem gr\u00f6\u00dften Slum auf der anderen Seite des Hooghly-Flusses, ein Schulprojekt f\u00fcr Slumkinder. Der Kollege Helgo Meyer-Hamme hat dort mit seinem Projekt \u00a0<a href=\"http:\/\/www.helgo-ev.de\">H.E.L.G.O. e.V.<\/a>\u00a0 seit vielen Jahren das &#8218;Child Labor Hostel&#8216; aufgebaut, wo Kinder, die wegen der Armut=Kinderarbeit keine Schule besuchen, \u00a0Lesen, Schreiben, Englisch und handwerkliche F\u00e4higkeiten lernen und regelm\u00e4\u00dfig eine Mahlzeit am Tag bekommen k\u00f6nnen. In meinem Bericht \u00a0<a href=\"http:\/\/www.helgo-ev.de\/app\/download\/5434040363\/Rundbrief+26.pdf?t\">&#8218;Ein Nachmittag in Howrah&#8216;<\/a>\u00a0habe ich unsere damaligen Eindr\u00fccke aufgeschrieben.<\/p>\n<p style=\"text-align: justify;\"><a href=\"http:\/\/indien.mayser-dr.de\/wp-content\/uploads\/2015\/11\/IMG_1135.jpg\"><img loading=\"lazy\" decoding=\"async\" class=\"alignright\" src=\"http:\/\/indien.mayser-dr.de\/wp-content\/uploads\/2015\/11\/IMG_1135.jpg\" alt=\"\" width=\"400\" height=\"300\" \/><\/a>Unser touristischer Guide wollte uns auf keinen Fall dahin fahren lassen, weil das f\u00fcr uns als Europ\u00e4er viel zu gef\u00e4hrlich sei. Wir sind trotzdem hingefahren, und bei einem tief beeindruckenden Rundgang durch den Slum zu den Eltern einiger Schulkinder standen wir pl\u00f6tzlich vor dieser H\u00fctte und haben uns nach all den Eindr\u00fccken gesagt: &#8222;Hier wollen wir eines Tages mal arbeiten!&#8220;<\/p>\n<p style=\"text-align: justify;\">An diesem Tag war niemand dort, und so haben wir nach unserer R\u00fcckkehr Kontakt mit den &#8222;Deutschen \u00c4rzten f\u00fcr die Dritte Welt&#8220; (so hie\u00df die ng-Organisation damals noch) \u00a0aufgenommen; zun\u00e4chst nur \u00fcber den Newsletter der \u00a0<a href=\"http:\/\/www.german-doctors.de\/\">GERMAN DOCTORS<\/a>, seit dem vorigen Jahr in den vom \u00a0<a href=\"http:\/\/www.medmissio.de\/\">Missions\u00e4rztlichen Institut<\/a>\u00a0 in W\u00fcrzburg durchgef\u00fchrten, vorbereitenden Grundlagen- und Projektseminaren.<\/p>\n<p>Ich wollte noch mehr zu den Grundlagen schreiben: was sind die Ziele der GERMAN DOCTORS, nach welchen Grunds\u00e4tzen k\u00f6nnen sie hier arbeiten, welche Patienten kommen zu uns und wie k\u00f6nnen wir sie in die bestehenden Gesundheitsstrukturen einbinden, welche finanziellen M\u00f6glichkeiten stehen zur Verf\u00fcgung, usw. usw.?<\/p>\n<p>Wie das so geht, pl\u00f6tzlich ist die Abreise da und ich werde hoffentlich im Blog das ein oder andere erkl\u00e4ren k\u00f6nnen.<\/p>\n","protected":false},"excerpt":{"rendered":"<p>Wie ist es zu diesem Unternehmen gekommen? 2008 haben wir in Kalkutta, dem faszinierenden Moloch von Stadt, unsere dritte Indienreise begonnen, die uns dann weiter nach Darjeeling, Sikkim und Varanasi (Benares) f\u00fchrte. Durch Vermittlung der Kollegen Buldmann besuchten wir in <a class=\"more-link\" href=\"http:\/\/indien.mayser-dr.de\/?page_id=26\">&#8230; WEITER LESEN<\/a><\/p>\n","protected":false},"author":1,"featured_media":0,"parent":0,"menu_order":12,"comment_status":"closed","ping_status":"closed","template":"","meta":{"footnotes":""},"class_list":["post-26","page","type-page","status-publish","hentry"],"_links":{"self":[{"href":"http:\/\/indien.mayser-dr.de\/index.php?rest_route=\/wp\/v2\/pages\/26","targetHints":{"allow":["GET"]}}],"collection":[{"href":"http:\/\/indien.mayser-dr.de\/index.php?rest_route=\/wp\/v2\/pages"}],"about":[{"href":"http:\/\/indien.mayser-dr.de\/index.php?rest_route=\/wp\/v2\/types\/page"}],"author":[{"embeddable":true,"href":"http:\/\/indien.mayser-dr.de\/index.php?rest_route=\/wp\/v2\/users\/1"}],"replies":[{"embeddable":true,"href":"http:\/\/indien.mayser-dr.de\/index.php?rest_route=%2Fwp%2Fv2%2Fcomments&post=26"}],"version-history":[{"count":20,"href":"http:\/\/indien.mayser-dr.de\/index.php?rest_route=\/wp\/v2\/pages\/26\/revisions"}],"predecessor-version":[{"id":1894,"href":"http:\/\/indien.mayser-dr.de\/index.php?rest_route=\/wp\/v2\/pages\/26\/revisions\/1894"}],"wp:attachment":[{"href":"http:\/\/indien.mayser-dr.de\/index.php?rest_route=%2Fwp%2Fv2%2Fmedia&parent=26"}],"curies":[{"name":"wp","href":"https:\/\/api.w.org\/{rel}","templated":true}]}}